{"id":9,"date":"2016-03-01T08:51:12","date_gmt":"2016-03-01T08:51:12","guid":{"rendered":"http:\/\/stockholm2.select-themes.com\/?page_id=4"},"modified":"2023-06-20T11:06:33","modified_gmt":"2023-06-20T11:06:33","slug":"about","status":"publish","type":"page","link":"https:\/\/barbarahibler.com\/index.php\/about\/","title":{"rendered":"About"},"content":{"rendered":"\t\t<div data-elementor-type=\"wp-page\" data-elementor-id=\"9\" class=\"elementor elementor-9\">\n\t\t\t\t\t\t<section data-q_id=\"#1\" class=\"elementor-section elementor-top-section elementor-element elementor-element-8e61d38 elementor-section-height-full elementor-section-items-stretch elementor-section-stretched elementor-hidden-mobile elementor-section-boxed elementor-section-height-default parallax_section_no qode_elementor_container_no qode-content-aligment-left\" data-id=\"8e61d38\" data-element_type=\"section\" data-e-type=\"section\" id=\"video-bg-fixed\" data-settings=\"{&quot;stretch_section&quot;:&quot;section-stretched&quot;,&quot;background_background&quot;:&quot;video&quot;,&quot;background_video_link&quot;:&quot;https:\\\/\\\/barbarahibler.com\\\/wp-content\\\/uploads\\\/2022\\\/09\\\/220907_Barbara-Hibler-About_1.mp4&quot;}\">\n\t\t\t\t\t\t\t\t<div class=\"elementor-background-video-container elementor-hidden-mobile\">\n\t\t\t\t\t\t\t\t\t\t\t\t\t<video class=\"elementor-background-video-hosted\" role=\"presentation\" autoplay muted playsinline loop><\/video>\n\t\t\t\t\t\t\t\t\t\t\t<\/div>\n\t\t\t\t\t\t\t\t<div class=\"elementor-container elementor-column-gap-default\">\n\t\t\t\t\t<div class=\"elementor-column elementor-col-100 elementor-top-column elementor-element elementor-element-fa89852\" data-id=\"fa89852\" data-element_type=\"column\" data-e-type=\"column\">\n\t\t\t<div class=\"elementor-widget-wrap\">\n\t\t\t\t\t\t\t<\/div>\n\t\t<\/div>\n\t\t\t\t\t<\/div>\n\t\t<\/section>\n\t\t\t\t<section data-q_id=\"#1\" class=\"elementor-section elementor-top-section elementor-element elementor-element-fdeb00e elementor-section-stretched elementor-hidden-desktop elementor-hidden-tablet elementor-section-boxed elementor-section-height-default elementor-section-height-default parallax_section_no qode_elementor_container_no qode-content-aligment-left\" data-id=\"fdeb00e\" data-element_type=\"section\" data-e-type=\"section\" id=\"video-bg-fixed-mobile\" data-settings=\"{&quot;stretch_section&quot;:&quot;section-stretched&quot;,&quot;background_background&quot;:&quot;video&quot;,&quot;background_video_link&quot;:&quot;https:\\\/\\\/barbarahibler.com\\\/wp-content\\\/uploads\\\/2022\\\/09\\\/220906_Barbara-Hibler-About-2.mp4&quot;,&quot;background_play_on_mobile&quot;:&quot;yes&quot;}\">\n\t\t\t\t\t\t\t\t<div class=\"elementor-background-video-container\">\n\t\t\t\t\t\t\t\t\t\t\t\t\t<video class=\"elementor-background-video-hosted\" role=\"presentation\" autoplay muted playsinline loop><\/video>\n\t\t\t\t\t\t\t\t\t\t\t<\/div>\n\t\t\t\t\t\t\t\t<div class=\"elementor-container elementor-column-gap-default\">\n\t\t\t\t\t<div class=\"elementor-column elementor-col-100 elementor-top-column elementor-element elementor-element-7739f9b\" data-id=\"7739f9b\" data-element_type=\"column\" data-e-type=\"column\">\n\t\t\t<div class=\"elementor-widget-wrap\">\n\t\t\t\t\t\t\t<\/div>\n\t\t<\/div>\n\t\t\t\t\t<\/div>\n\t\t<\/section>\n\t\t\t\t<section data-q_id=\"#1\" class=\"elementor-section elementor-top-section elementor-element elementor-element-897139e elementor-section-full_width elementor-section-height-full elementor-section-items-stretch elementor-section-stretched elementor-section-height-default parallax_section_no qode_elementor_container_no qode-content-aligment-left\" data-id=\"897139e\" data-element_type=\"section\" data-e-type=\"section\" data-settings=\"{&quot;stretch_section&quot;:&quot;section-stretched&quot;,&quot;background_background&quot;:&quot;classic&quot;}\">\n\t\t\t\t\t\t<div class=\"elementor-container elementor-column-gap-default\">\n\t\t\t\t\t<div class=\"elementor-column elementor-col-100 elementor-top-column elementor-element elementor-element-7877050 elementor-invisible\" data-id=\"7877050\" data-element_type=\"column\" data-e-type=\"column\" data-settings=\"{&quot;animation&quot;:&quot;fadeIn&quot;}\">\n\t\t\t<div class=\"elementor-widget-wrap elementor-element-populated\">\n\t\t\t\t\t\t<div class=\"elementor-element elementor-element-643e772 elementor-widget elementor-widget-heading\" data-id=\"643e772\" data-element_type=\"widget\" data-e-type=\"widget\" data-widget_type=\"heading.default\">\n\t\t\t\t<div class=\"elementor-widget-container\">\n\t\t\t\t\t<h1 class=\"elementor-heading-title elementor-size-default\">ICH BIN BARBARA<\/br>\nUND ICH LIEBE ES<\/br>\nMOMENTE EINZUFANGEN<\/br>\nUND GESCHICHTEN DURCH<\/br>\nBILDER ZU ERZ\u00c4HLEN  <\/h1>\t\t\t\t<\/div>\n\t\t\t\t<\/div>\n\t\t\t\t\t<\/div>\n\t\t<\/div>\n\t\t\t\t\t<\/div>\n\t\t<\/section>\n\t\t\t\t<section data-q_id=\"#1\" class=\"elementor-section elementor-top-section elementor-element elementor-element-e2ddf73 elementor-section-full_width elementor-section-height-full elementor-section-items-stretch elementor-section-stretched elementor-section-height-default parallax_section_no qode_elementor_container_no qode-content-aligment-left\" data-id=\"e2ddf73\" data-element_type=\"section\" data-e-type=\"section\" data-settings=\"{&quot;stretch_section&quot;:&quot;section-stretched&quot;,&quot;background_background&quot;:&quot;classic&quot;}\">\n\t\t\t\t\t\t<div class=\"elementor-container elementor-column-gap-default\">\n\t\t\t\t\t<div class=\"elementor-column elementor-col-100 elementor-top-column elementor-element elementor-element-a9e59f9 elementor-invisible\" data-id=\"a9e59f9\" data-element_type=\"column\" data-e-type=\"column\" data-settings=\"{&quot;animation&quot;:&quot;fadeIn&quot;}\">\n\t\t\t<div class=\"elementor-widget-wrap elementor-element-populated\">\n\t\t\t\t\t\t<div class=\"elementor-element elementor-element-c9eebf5 elementor-widget elementor-widget-heading\" data-id=\"c9eebf5\" data-element_type=\"widget\" data-e-type=\"widget\" data-widget_type=\"heading.default\">\n\t\t\t\t<div class=\"elementor-widget-container\">\n\t\t\t\t\t<h1 class=\"elementor-heading-title elementor-size-default\">ES IST MIR WICHTIG, <\/br>\nDIE EINZIGARTIGE PERS\u00d6NLICHKEIT<\/br>\nUND BOTSCHAFT MEINER KUND:INNEN<\/br>\nZUM AUSDRUCK ZU BRINGEN<\/h1>\t\t\t\t<\/div>\n\t\t\t\t<\/div>\n\t\t\t\t\t<\/div>\n\t\t<\/div>\n\t\t\t\t\t<\/div>\n\t\t<\/section>\n\t\t\t\t<section data-q_id=\"#1\" class=\"elementor-section elementor-top-section elementor-element elementor-element-b1799d0 elementor-section-full_width elementor-section-height-full elementor-section-items-stretch elementor-section-stretched elementor-section-height-default parallax_section_no qode_elementor_container_no qode-content-aligment-left\" data-id=\"b1799d0\" data-element_type=\"section\" data-e-type=\"section\" data-settings=\"{&quot;stretch_section&quot;:&quot;section-stretched&quot;,&quot;background_background&quot;:&quot;classic&quot;}\">\n\t\t\t\t\t\t<div class=\"elementor-container elementor-column-gap-default\">\n\t\t\t\t\t<div class=\"elementor-column elementor-col-100 elementor-top-column elementor-element elementor-element-0446e54 elementor-invisible\" data-id=\"0446e54\" data-element_type=\"column\" data-e-type=\"column\" data-settings=\"{&quot;animation&quot;:&quot;fadeIn&quot;}\">\n\t\t\t<div class=\"elementor-widget-wrap elementor-element-populated\">\n\t\t\t\t\t\t<div class=\"elementor-element elementor-element-987ee85 elementor-widget elementor-widget-heading\" data-id=\"987ee85\" data-element_type=\"widget\" data-e-type=\"widget\" data-widget_type=\"heading.default\">\n\t\t\t\t<div class=\"elementor-widget-container\">\n\t\t\t\t\t<h1 class=\"elementor-heading-title elementor-size-default\">MIR LIEGT ES AM HERZEN<\/br>\nDAS NICHT GREIFBARE DEINER MARKE<\/br> SICHTBAR ZU MACHEN<\/h1>\t\t\t\t<\/div>\n\t\t\t\t<\/div>\n\t\t\t\t\t<\/div>\n\t\t<\/div>\n\t\t\t\t\t<\/div>\n\t\t<\/section>\n\t\t\t\t<section data-q_id=\"#1\" class=\"elementor-section elementor-top-section elementor-element elementor-element-bcfb24b elementor-section-full_width elementor-section-height-default elementor-section-height-default parallax_section_no qode_elementor_container_no qode-content-aligment-left\" data-id=\"bcfb24b\" data-element_type=\"section\" data-e-type=\"section\" data-settings=\"{&quot;background_background&quot;:&quot;classic&quot;}\">\n\t\t\t\t\t\t<div class=\"elementor-container elementor-column-gap-default\">\n\t\t\t\t\t<div class=\"elementor-column elementor-col-100 elementor-top-column elementor-element elementor-element-8fde8df\" data-id=\"8fde8df\" data-element_type=\"column\" data-e-type=\"column\">\n\t\t\t<div class=\"elementor-widget-wrap elementor-element-populated\">\n\t\t\t\t\t\t<div class=\"elementor-element elementor-element-dc99e76 e-transform elementor-widget elementor-widget-heading\" data-id=\"dc99e76\" data-element_type=\"widget\" data-e-type=\"widget\" data-settings=\"{&quot;_transform_translateX_effect&quot;:{&quot;unit&quot;:&quot;px&quot;,&quot;size&quot;:-247,&quot;sizes&quot;:[]},&quot;_transform_translateY_effect&quot;:{&quot;unit&quot;:&quot;px&quot;,&quot;size&quot;:-69,&quot;sizes&quot;:[]},&quot;_transform_translateX_effect_tablet&quot;:{&quot;unit&quot;:&quot;px&quot;,&quot;size&quot;:-55,&quot;sizes&quot;:[]},&quot;_transform_translateX_effect_mobile&quot;:{&quot;unit&quot;:&quot;px&quot;,&quot;size&quot;:-44,&quot;sizes&quot;:[]},&quot;_transform_translateY_effect_tablet&quot;:{&quot;unit&quot;:&quot;px&quot;,&quot;size&quot;:-16,&quot;sizes&quot;:[]},&quot;_transform_translateY_effect_mobile&quot;:{&quot;unit&quot;:&quot;px&quot;,&quot;size&quot;:-16,&quot;sizes&quot;:[]}}\" data-widget_type=\"heading.default\">\n\t\t\t\t<div class=\"elementor-widget-container\">\n\t\t\t\t\t<h1 class=\"elementor-heading-title elementor-size-default\">hello<\/h1>\t\t\t\t<\/div>\n\t\t\t\t<\/div>\n\t\t\t\t<div class=\"elementor-element elementor-element-69bd408 elementor-widget elementor-widget-heading\" data-id=\"69bd408\" data-element_type=\"widget\" data-e-type=\"widget\" data-widget_type=\"heading.default\">\n\t\t\t\t<div class=\"elementor-widget-container\">\n\t\t\t\t\t<h3 class=\"elementor-heading-title elementor-size-default\">Ich bin Barbara, Business-, Branding- und Lifestyle- Fotografin. Ich liebe es, Momente einzufangen und Geschichten durch Bilder zu erz\u00e4hlen. Meine Leidenschaft gilt der visuellen Kommunikation. Mir ist es wichtig, die einzigartige Pers\u00f6nlichkeit und Botschaft meiner Kund:innen in jedem Foto zum Ausdruck zu bringen.<br>\n<br>\n\nIch verstehe, wie wichtig ein professioneller visueller Auftritt f\u00fcr Unternehmen und Marken ist. Deshalb arbeite ich eng mit meinen Kund:innen zusammen, um ihre Vision zu verstehen und ihre Identit\u00e4t in ansprechenden Fotos widerzuspiegeln.<br> \n<br>\n\nMit meiner Fotografie unterst\u00fctze ich Dich und Dein Business durch ausdrucksstarke, authentische Aufnahmen f\u00fcr Deine Website, Social Media oder andere Werbemittel. Meine Aufnahmen zeigen Menschen, Interieur, Details und das Angebot Deines Unternehmens.<br>\n<br>\n\nEs liegt mir am Herzen mit meiner Arbeit, das nicht greifbare Deiner Marke einzufangen und sichtbar werden zu lassen.<br>\n<br>\n\nIch lebe mit meiner Familie in Augsburg. Meine Kund:innen betreue ich haupts\u00e4chlich im s\u00fcddeutschen Raum. Ich arbeite fast immer on Location, gerne bei Dir im Unternehmen oder an einem passenden, individuell festgelegten Ort. Wenn Du an einem Shooting mit mir interessiert bist, aber nicht aus dieser Region kommst ist das selbstverst\u00e4ndlich auch kein Problem. Melde Dich gerne bei mir und wir finden eine L\u00f6sung um eine Zusammenarbeit m\u00f6glich zu machen.<\/h3>\t\t\t\t<\/div>\n\t\t\t\t<\/div>\n\t\t\t\t<div class=\"elementor-element elementor-element-b4eb434 elementor-align-justify elementor-mobile-align-center elementor-widget elementor-widget-button\" data-id=\"b4eb434\" data-element_type=\"widget\" data-e-type=\"widget\" data-widget_type=\"button.default\">\n\t\t\t\t<div class=\"elementor-widget-container\">\n\t\t\t\t\t\t\t\t\t<div class=\"elementor-button-wrapper\">\n\t\t\t\t\t<a class=\"elementor-button elementor-button-link elementor-size-sm\" href=\"https:\/\/barbarahibler.com\/index.php\/contact\/\">\n\t\t\t\t\t\t<span class=\"elementor-button-content-wrapper\">\n\t\t\t\t\t\t\t\t\t<span class=\"elementor-button-text\">work with me<\/span>\n\t\t\t\t\t<\/span>\n\t\t\t\t\t<\/a>\n\t\t\t\t<\/div>\n\t\t\t\t\t\t\t\t<\/div>\n\t\t\t\t<\/div>\n\t\t\t\t\t<\/div>\n\t\t<\/div>\n\t\t\t\t\t<\/div>\n\t\t<\/section>\n\t\t\t\t<\/div>\n\t\t","protected":false},"excerpt":{"rendered":"<p>ICH BIN BARBARA UND ICH LIEBE ES MOMENTE EINZUFANGEN UND GESCHICHTEN DURCH BILDER ZU ERZ\u00c4HLEN ES IST MIR WICHTIG, DIE EINZIGARTIGE PERS\u00d6NLICHKEIT UND BOTSCHAFT MEINER KUND:INNEN ZUM AUSDRUCK ZU BRINGEN MIR LIEGT ES AM HERZEN DAS NICHT GREIFBARE DEINER MARKE SICHTBAR ZU MACHEN hello Ich&#8230;<\/p>\n","protected":false},"author":1,"featured_media":0,"parent":0,"menu_order":0,"comment_status":"closed","ping_status":"closed","template":"","meta":{"footnotes":""},"class_list":["post-9","page","type-page","status-publish","hentry"],"_links":{"self":[{"href":"https:\/\/barbarahibler.com\/index.php\/wp-json\/wp\/v2\/pages\/9","targetHints":{"allow":["GET"]}}],"collection":[{"href":"https:\/\/barbarahibler.com\/index.php\/wp-json\/wp\/v2\/pages"}],"about":[{"href":"https:\/\/barbarahibler.com\/index.php\/wp-json\/wp\/v2\/types\/page"}],"author":[{"embeddable":true,"href":"https:\/\/barbarahibler.com\/index.php\/wp-json\/wp\/v2\/users\/1"}],"replies":[{"embeddable":true,"href":"https:\/\/barbarahibler.com\/index.php\/wp-json\/wp\/v2\/comments?post=9"}],"version-history":[{"count":608,"href":"https:\/\/barbarahibler.com\/index.php\/wp-json\/wp\/v2\/pages\/9\/revisions"}],"predecessor-version":[{"id":1557,"href":"https:\/\/barbarahibler.com\/index.php\/wp-json\/wp\/v2\/pages\/9\/revisions\/1557"}],"wp:attachment":[{"href":"https:\/\/barbarahibler.com\/index.php\/wp-json\/wp\/v2\/media?parent=9"}],"curies":[{"name":"wp","href":"https:\/\/api.w.org\/{rel}","templated":true}]}}